{"id":45233,"date":"2025-05-13T19:32:34","date_gmt":"2025-05-13T16:32:34","guid":{"rendered":"https:\/\/loopcontrols.com.tr\/urunler\/?page_id=45233"},"modified":"2025-05-13T20:24:07","modified_gmt":"2025-05-13T17:24:07","slug":"produkte","status":"publish","type":"page","link":"https:\/\/loopcontrols.com.tr\/urunler\/de\/produkte\/","title":{"rendered":"Produkte"},"content":{"rendered":"\t\t<div data-elementor-type=\"wp-post\" data-elementor-id=\"45233\" class=\"elementor elementor-45233\">\n\t\t\t\t<div class=\"elementor-element elementor-element-3737080 e-flex e-con-boxed e-con e-parent\" data-id=\"3737080\" data-element_type=\"container\">\n\t\t\t\t\t<div class=\"e-con-inner\">\n\t\t<div class=\"elementor-element elementor-element-5c3a96d e-con-full e-flex e-con e-child\" data-id=\"5c3a96d\" data-element_type=\"container\">\n\t\t\t\t<div class=\"elementor-element elementor-element-28dc2ab elementor-widget elementor-widget-spacer\" data-id=\"28dc2ab\" data-element_type=\"widget\" data-widget_type=\"spacer.default\">\n\t\t\t\t<div class=\"elementor-widget-container\">\n\t\t\t\t\t\t\t<div class=\"elementor-spacer\">\n\t\t\t<div class=\"elementor-spacer-inner\"><\/div>\n\t\t<\/div>\n\t\t\t\t\t\t<\/div>\n\t\t\t\t<\/div>\n\t\t\t\t<\/div>\n\t\t\t\t\t<\/div>\n\t\t\t\t<\/div>\n\t\t<div class=\"elementor-element elementor-element-f5b9d1b woostify-shop-category e-flex e-con-boxed e-con e-parent\" data-id=\"f5b9d1b\" data-element_type=\"container\">\n\t\t\t\t\t<div class=\"e-con-inner\">\n\t\t<div class=\"elementor-element elementor-element-c614131 e-con-full e-flex e-con e-child\" data-id=\"c614131\" data-element_type=\"container\" data-settings=\"{&quot;background_background&quot;:&quot;classic&quot;}\">\n\t\t<div class=\"elementor-element elementor-element-be75311 e-con-full e-flex e-con e-child\" data-id=\"be75311\" data-element_type=\"container\">\n\t\t<div class=\"elementor-element elementor-element-2d0ec2a e-con-full e-flex e-con e-child\" data-id=\"2d0ec2a\" data-element_type=\"container\" data-settings=\"{&quot;background_background&quot;:&quot;classic&quot;}\">\n\t\t\t\t<div class=\"elementor-element elementor-element-316ed54 elementor-widget elementor-widget-image\" data-id=\"316ed54\" data-element_type=\"widget\" data-widget_type=\"image.default\">\n\t\t\t\t<div class=\"elementor-widget-container\">\n\t\t\t\t\t\t\t\t\t\t\t\t\t\t\t\t<a href=\"https:\/\/loopcontrols.com.tr\/urunler\/marka\/gefran\/\">\n\t\t\t\t\t\t\t<img fetchpriority=\"high\" decoding=\"async\" width=\"263\" height=\"458\" src=\"https:\/\/loopcontrols.com.tr\/urunler\/wp-content\/uploads\/2025\/05\/home_brand_gefran.png\" class=\"elementor-animation-float attachment-full size-full wp-image-45098\" alt=\"\" srcset=\"https:\/\/loopcontrols.com.tr\/urunler\/wp-content\/uploads\/2025\/05\/home_brand_gefran.png 263w, https:\/\/loopcontrols.com.tr\/urunler\/wp-content\/uploads\/2025\/05\/home_brand_gefran-172x300.png 172w\" sizes=\"(max-width: 263px) 100vw, 263px\" \/>\t\t\t\t\t\t\t\t<\/a>\n\t\t\t\t\t\t\t\t\t\t\t\t\t\t\t<\/div>\n\t\t\t\t<\/div>\n\t\t\t\t<\/div>\n\t\t<div class=\"elementor-element elementor-element-c301a9f e-con-full e-flex e-con e-child\" data-id=\"c301a9f\" data-element_type=\"container\" data-settings=\"{&quot;background_background&quot;:&quot;classic&quot;}\">\n\t\t\t\t<div class=\"elementor-element elementor-element-0aa6378 elementor-widget elementor-widget-image\" data-id=\"0aa6378\" data-element_type=\"widget\" data-widget_type=\"image.default\">\n\t\t\t\t<div class=\"elementor-widget-container\">\n\t\t\t\t\t\t\t\t\t\t\t\t\t\t\t\t<a href=\"https:\/\/loopcontrols.com.tr\/urunler\/marka\/siron\/\">\n\t\t\t\t\t\t\t<img decoding=\"async\" width=\"263\" height=\"458\" src=\"https:\/\/loopcontrols.com.tr\/urunler\/wp-content\/uploads\/2025\/05\/home_brand_siron3.png\" class=\"elementor-animation-float attachment-full size-full wp-image-45118\" alt=\"\" srcset=\"https:\/\/loopcontrols.com.tr\/urunler\/wp-content\/uploads\/2025\/05\/home_brand_siron3.png 263w, https:\/\/loopcontrols.com.tr\/urunler\/wp-content\/uploads\/2025\/05\/home_brand_siron3-172x300.png 172w\" sizes=\"(max-width: 263px) 100vw, 263px\" \/>\t\t\t\t\t\t\t\t<\/a>\n\t\t\t\t\t\t\t\t\t\t\t\t\t\t\t<\/div>\n\t\t\t\t<\/div>\n\t\t\t\t<\/div>\n\t\t\t\t<\/div>\n\t\t\t\t<div class=\"elementor-element elementor-element-92b2808 elementor-widget elementor-widget-image\" data-id=\"92b2808\" data-element_type=\"widget\" data-widget_type=\"image.default\">\n\t\t\t\t<div class=\"elementor-widget-container\">\n\t\t\t\t\t\t\t\t\t\t\t\t\t\t\t\t<a href=\"https:\/\/loopcontrols.com.tr\/urunler\/marka\/yaskawa\/\">\n\t\t\t\t\t\t\t<img decoding=\"async\" width=\"555\" height=\"242\" src=\"https:\/\/loopcontrols.com.tr\/urunler\/wp-content\/uploads\/2025\/05\/home_brand_yaskawa2.png\" class=\"elementor-animation-float attachment-full size-full wp-image-45130\" alt=\"\" srcset=\"https:\/\/loopcontrols.com.tr\/urunler\/wp-content\/uploads\/2025\/05\/home_brand_yaskawa2.png 555w, https:\/\/loopcontrols.com.tr\/urunler\/wp-content\/uploads\/2025\/05\/home_brand_yaskawa2-300x131.png 300w\" sizes=\"(max-width: 555px) 100vw, 555px\" \/>\t\t\t\t\t\t\t\t<\/a>\n\t\t\t\t\t\t\t\t\t\t\t\t\t\t\t<\/div>\n\t\t\t\t<\/div>\n\t\t\t\t<\/div>\n\t\t<div class=\"elementor-element elementor-element-b5fd9d9 e-con-full e-flex e-con e-child\" data-id=\"b5fd9d9\" data-element_type=\"container\" data-settings=\"{&quot;background_background&quot;:&quot;classic&quot;}\">\n\t\t\t\t<div class=\"elementor-element elementor-element-f0a6c55 elementor-widget elementor-widget-image\" data-id=\"f0a6c55\" data-element_type=\"widget\" data-widget_type=\"image.default\">\n\t\t\t\t<div class=\"elementor-widget-container\">\n\t\t\t\t\t\t\t\t\t\t\t\t\t\t\t\t<a href=\"https:\/\/loopcontrols.com.tr\/urunler\/marka\/mitsubishi-electric\/\">\n\t\t\t\t\t\t\t<img loading=\"lazy\" decoding=\"async\" width=\"570\" height=\"730\" src=\"https:\/\/loopcontrols.com.tr\/urunler\/wp-content\/uploads\/2025\/05\/home_brand_mitsubishi_electric.png\" class=\"elementor-animation-float attachment-full size-full wp-image-45122\" alt=\"\" srcset=\"https:\/\/loopcontrols.com.tr\/urunler\/wp-content\/uploads\/2025\/05\/home_brand_mitsubishi_electric.png 570w, https:\/\/loopcontrols.com.tr\/urunler\/wp-content\/uploads\/2025\/05\/home_brand_mitsubishi_electric-234x300.png 234w\" sizes=\"(max-width: 570px) 100vw, 570px\" \/>\t\t\t\t\t\t\t\t<\/a>\n\t\t\t\t\t\t\t\t\t\t\t\t\t\t\t<\/div>\n\t\t\t\t<\/div>\n\t\t\t\t<\/div>\n\t\t\t\t\t<\/div>\n\t\t\t\t<\/div>\n\t\t<div class=\"elementor-element elementor-element-b5f5171 e-flex e-con-boxed e-con e-parent\" data-id=\"b5f5171\" data-element_type=\"container\">\n\t\t\t\t\t<div class=\"e-con-inner\">\n\t\t<div class=\"elementor-element elementor-element-ee67cd9 e-con-full e-flex e-con e-child\" data-id=\"ee67cd9\" data-element_type=\"container\">\n\t\t\t\t<div class=\"elementor-element elementor-element-9aaf218 elementor-widget elementor-widget-image\" data-id=\"9aaf218\" data-element_type=\"widget\" data-widget_type=\"image.default\">\n\t\t\t\t<div class=\"elementor-widget-container\">\n\t\t\t\t\t\t\t\t\t\t\t\t\t\t\t\t<a href=\"https:\/\/loopcontrols.com.tr\/urunler\/urun-kategori\/sensors\/\">\n\t\t\t\t\t\t\t<img loading=\"lazy\" decoding=\"async\" width=\"370\" height=\"270\" src=\"https:\/\/loopcontrols.com.tr\/urunler\/wp-content\/uploads\/2025\/05\/home-kategori-sensors.png\" class=\"elementor-animation-shrink attachment-large size-large wp-image-45157\" alt=\"\" srcset=\"https:\/\/loopcontrols.com.tr\/urunler\/wp-content\/uploads\/2025\/05\/home-kategori-sensors.png 370w, https:\/\/loopcontrols.com.tr\/urunler\/wp-content\/uploads\/2025\/05\/home-kategori-sensors-300x219.png 300w\" sizes=\"(max-width: 370px) 100vw, 370px\" \/>\t\t\t\t\t\t\t\t<\/a>\n\t\t\t\t\t\t\t\t\t\t\t\t\t\t\t<\/div>\n\t\t\t\t<\/div>\n\t\t\t\t<div class=\"elementor-element elementor-element-5116ce4 elementor-widget elementor-widget-heading\" data-id=\"5116ce4\" data-element_type=\"widget\" data-widget_type=\"heading.default\">\n\t\t\t\t<div class=\"elementor-widget-container\">\n\t\t\t\t\t<h2 class=\"elementor-heading-title elementor-size-default\"><a href=\"https:\/\/loopcontrols.com.tr\/urunler\/urun-kategori\/sensors\/\">Sensoren<\/a><\/h2>\t\t\t\t<\/div>\n\t\t\t\t<\/div>\n\t\t\t\t<div class=\"elementor-element elementor-element-77c45d7 elementor-widget elementor-widget-text-editor\" data-id=\"77c45d7\" data-element_type=\"widget\" data-widget_type=\"text-editor.default\">\n\t\t\t\t<div class=\"elementor-widget-container\">\n\t\t\t\t\t\t\t\t\t<p>In unserer Sensoren-Kategorie finden Sie eine Vielzahl von Erfassungsprodukten wie Temperatur-, Druck-, F\u00fcllstand- und Magnetsensoren, die h\u00e4ufig in industriellen Automatisierungsanwendungen eingesetzt werden.<\/p>\t\t\t\t\t\t\t\t<\/div>\n\t\t\t\t<\/div>\n\t\t\t\t<\/div>\n\t\t<div class=\"elementor-element elementor-element-0c9f77c e-con-full e-flex e-con e-child\" data-id=\"0c9f77c\" data-element_type=\"container\">\n\t\t\t\t<div class=\"elementor-element elementor-element-b9eb9e5 elementor-widget elementor-widget-image\" data-id=\"b9eb9e5\" data-element_type=\"widget\" data-widget_type=\"image.default\">\n\t\t\t\t<div class=\"elementor-widget-container\">\n\t\t\t\t\t\t\t\t\t\t\t\t\t\t\t\t<a href=\"https:\/\/loopcontrols.com.tr\/urunler\/urun-kategori\/scada-sistemleri\/\">\n\t\t\t\t\t\t\t<img loading=\"lazy\" decoding=\"async\" width=\"370\" height=\"270\" src=\"https:\/\/loopcontrols.com.tr\/urunler\/wp-content\/uploads\/2025\/05\/home-kategori-scada.png\" class=\"elementor-animation-shrink attachment-large size-large wp-image-45158\" alt=\"\" srcset=\"https:\/\/loopcontrols.com.tr\/urunler\/wp-content\/uploads\/2025\/05\/home-kategori-scada.png 370w, https:\/\/loopcontrols.com.tr\/urunler\/wp-content\/uploads\/2025\/05\/home-kategori-scada-300x219.png 300w\" sizes=\"(max-width: 370px) 100vw, 370px\" \/>\t\t\t\t\t\t\t\t<\/a>\n\t\t\t\t\t\t\t\t\t\t\t\t\t\t\t<\/div>\n\t\t\t\t<\/div>\n\t\t\t\t<div class=\"elementor-element elementor-element-8decfc7 elementor-widget elementor-widget-heading\" data-id=\"8decfc7\" data-element_type=\"widget\" data-widget_type=\"heading.default\">\n\t\t\t\t<div class=\"elementor-widget-container\">\n\t\t\t\t\t<h2 class=\"elementor-heading-title elementor-size-default\"><a href=\"https:\/\/loopcontrols.com.tr\/urunler\/urun-kategori\/scada-sistemleri\/\">SCADA-Systeme<\/a><\/h2>\t\t\t\t<\/div>\n\t\t\t\t<\/div>\n\t\t\t\t<div class=\"elementor-element elementor-element-7f40dc9 elementor-widget elementor-widget-text-editor\" data-id=\"7f40dc9\" data-element_type=\"widget\" data-widget_type=\"text-editor.default\">\n\t\t\t\t<div class=\"elementor-widget-container\">\n\t\t\t\t\t\t\t\t\t<p>In unserer Kategorie f\u00fcr SCADA-Systeme k\u00f6nnen Sie Software- und Hardwareprodukte entdecken, die zur Datenerfassung, \u00dcberwachung und Steuerung in industriellen Anlagen eingesetzt werden.<\/p>\t\t\t\t\t\t\t\t<\/div>\n\t\t\t\t<\/div>\n\t\t\t\t<\/div>\n\t\t<div class=\"elementor-element elementor-element-de7e62e e-con-full e-flex e-con e-child\" data-id=\"de7e62e\" data-element_type=\"container\">\n\t\t\t\t<div class=\"elementor-element elementor-element-b1eb957 elementor-widget elementor-widget-image\" data-id=\"b1eb957\" data-element_type=\"widget\" data-widget_type=\"image.default\">\n\t\t\t\t<div class=\"elementor-widget-container\">\n\t\t\t\t\t\t\t\t\t\t\t\t\t\t\t\t<a href=\"https:\/\/loopcontrols.com.tr\/urunler\/urun-kategori\/endustriyel-robotlar\/\">\n\t\t\t\t\t\t\t<img loading=\"lazy\" decoding=\"async\" width=\"370\" height=\"270\" src=\"https:\/\/loopcontrols.com.tr\/urunler\/wp-content\/uploads\/2025\/05\/home-kategori-robotlar.png\" class=\"elementor-animation-shrink attachment-large size-large wp-image-45159\" alt=\"\" srcset=\"https:\/\/loopcontrols.com.tr\/urunler\/wp-content\/uploads\/2025\/05\/home-kategori-robotlar.png 370w, https:\/\/loopcontrols.com.tr\/urunler\/wp-content\/uploads\/2025\/05\/home-kategori-robotlar-300x219.png 300w\" sizes=\"(max-width: 370px) 100vw, 370px\" \/>\t\t\t\t\t\t\t\t<\/a>\n\t\t\t\t\t\t\t\t\t\t\t\t\t\t\t<\/div>\n\t\t\t\t<\/div>\n\t\t\t\t<div class=\"elementor-element elementor-element-c393755 elementor-widget elementor-widget-heading\" data-id=\"c393755\" data-element_type=\"widget\" data-widget_type=\"heading.default\">\n\t\t\t\t<div class=\"elementor-widget-container\">\n\t\t\t\t\t<h2 class=\"elementor-heading-title elementor-size-default\"><a href=\"https:\/\/loopcontrols.com.tr\/urunler\/urun-kategori\/endustriyel-robotlar\/\">Industrieroboter<\/a><\/h2>\t\t\t\t<\/div>\n\t\t\t\t<\/div>\n\t\t\t\t<div class=\"elementor-element elementor-element-3e46ba9 elementor-widget elementor-widget-text-editor\" data-id=\"3e46ba9\" data-element_type=\"widget\" data-widget_type=\"text-editor.default\">\n\t\t\t\t<div class=\"elementor-widget-container\">\n\t\t\t\t\t\t\t\t\t<p>In unserer Kategorie f\u00fcr Industrieroboter finden Sie spezialisierte Roboteranwendungen wie Roboterarme, die Pr\u00e4zision und Effizienz in Produktionslinien gew\u00e4hrleisten.<\/p>\t\t\t\t\t\t\t\t<\/div>\n\t\t\t\t<\/div>\n\t\t\t\t<\/div>\n\t\t\t\t\t<\/div>\n\t\t\t\t<\/div>\n\t\t\t\t<\/div>\n\t\t","protected":false},"excerpt":{"rendered":"<p>Sensoren In unserer Sensoren-Kategorie finden Sie eine Vielzahl von Erfassungsprodukten wie Temperatur-, Druck-, F\u00fcllstand- und Magnetsensoren, die h\u00e4ufig in industriellen&#8230;<\/p>\n","protected":false},"author":1,"featured_media":0,"parent":0,"menu_order":0,"comment_status":"closed","ping_status":"closed","template":"elementor_theme","meta":{"footnotes":""},"class_list":["post-45233","page","type-page","status-publish","hentry"],"_links":{"self":[{"href":"https:\/\/loopcontrols.com.tr\/urunler\/wp-json\/wp\/v2\/pages\/45233","targetHints":{"allow":["GET"]}}],"collection":[{"href":"https:\/\/loopcontrols.com.tr\/urunler\/wp-json\/wp\/v2\/pages"}],"about":[{"href":"https:\/\/loopcontrols.com.tr\/urunler\/wp-json\/wp\/v2\/types\/page"}],"author":[{"embeddable":true,"href":"https:\/\/loopcontrols.com.tr\/urunler\/wp-json\/wp\/v2\/users\/1"}],"replies":[{"embeddable":true,"href":"https:\/\/loopcontrols.com.tr\/urunler\/wp-json\/wp\/v2\/comments?post=45233"}],"version-history":[{"count":5,"href":"https:\/\/loopcontrols.com.tr\/urunler\/wp-json\/wp\/v2\/pages\/45233\/revisions"}],"predecessor-version":[{"id":45261,"href":"https:\/\/loopcontrols.com.tr\/urunler\/wp-json\/wp\/v2\/pages\/45233\/revisions\/45261"}],"wp:attachment":[{"href":"https:\/\/loopcontrols.com.tr\/urunler\/wp-json\/wp\/v2\/media?parent=45233"}],"curies":[{"name":"wp","href":"https:\/\/api.w.org\/{rel}","templated":true}]}}