{"id":37901,"date":"2025-05-11T21:02:25","date_gmt":"2025-05-11T18:02:25","guid":{"rendered":"https:\/\/loopcontrols.com.tr\/urunler\/urun\/mr-j3cn1\/"},"modified":"2025-05-11T21:02:26","modified_gmt":"2025-05-11T18:02:26","slug":"mr-j3cn1","status":"publish","type":"product","link":"https:\/\/loopcontrols.com.tr\/urunler\/urun\/mr-j3cn1\/","title":{"rendered":"MR-J3CN1"},"content":{"rendered":"<p>MR-J3CN1, MR-J3-A ve MR-J3-T serisi servo amplifikat\u00f6rler i\u00e7in CN1 giri\u015f\/\u00e7\u0131k\u0131\u015f sinyal konnekt\u00f6r\u00fcd\u00fcr.<\/p>\n","protected":false},"excerpt":{"rendered":"<p>MR-J3CN1, MR-J3-A ve MR-J3-T serisi servo amplifikat\u00f6rler i\u00e7in CN1 giri\u015f\/\u00e7\u0131k\u0131\u015f sinyal konnekt\u00f6r\u00fcd\u00fcr.<\/p>\n","protected":false},"featured_media":37900,"template":"","meta":[],"product_brand":[143],"product_cat":[112],"product_tag":[118,117,114,115,119,116,113],"class_list":{"0":"post-37901","1":"product","2":"type-product","3":"status-publish","4":"has-post-thumbnail","6":"product_brand-mitsubishi-electric","7":"product_cat-servo-hareket-sistemleri","8":"product_tag-aksesuar","9":"product_tag-amplifikator","10":"product_tag-cn1","11":"product_tag-giris-cikis","12":"product_tag-mitsubishi-electric","13":"product_tag-mr-j3","14":"product_tag-servo-konnektoru","16":"first","17":"instock","18":"shipping-taxable","19":"product-type-simple"},"_links":{"self":[{"href":"https:\/\/loopcontrols.com.tr\/urunler\/wp-json\/wp\/v2\/product\/37901","targetHints":{"allow":["GET"]}}],"collection":[{"href":"https:\/\/loopcontrols.com.tr\/urunler\/wp-json\/wp\/v2\/product"}],"about":[{"href":"https:\/\/loopcontrols.com.tr\/urunler\/wp-json\/wp\/v2\/types\/product"}],"wp:featuredmedia":[{"embeddable":true,"href":"https:\/\/loopcontrols.com.tr\/urunler\/wp-json\/wp\/v2\/media\/37900"}],"wp:attachment":[{"href":"https:\/\/loopcontrols.com.tr\/urunler\/wp-json\/wp\/v2\/media?parent=37901"}],"wp:term":[{"taxonomy":"product_brand","embeddable":true,"href":"https:\/\/loopcontrols.com.tr\/urunler\/wp-json\/wp\/v2\/product_brand?post=37901"},{"taxonomy":"product_cat","embeddable":true,"href":"https:\/\/loopcontrols.com.tr\/urunler\/wp-json\/wp\/v2\/product_cat?post=37901"},{"taxonomy":"product_tag","embeddable":true,"href":"https:\/\/loopcontrols.com.tr\/urunler\/wp-json\/wp\/v2\/product_tag?post=37901"}],"curies":[{"name":"wp","href":"https:\/\/api.w.org\/{rel}","templated":true}]}}