{"id":37904,"date":"2025-05-11T21:02:27","date_gmt":"2025-05-11T18:02:27","guid":{"rendered":"https:\/\/loopcontrols.com.tr\/urunler\/urun\/mr-pwcns4\/"},"modified":"2025-05-11T21:02:27","modified_gmt":"2025-05-11T18:02:27","slug":"mr-pwcns4","status":"publish","type":"product","link":"https:\/\/loopcontrols.com.tr\/urunler\/urun\/mr-pwcns4\/","title":{"rendered":"MR-PWCNS4"},"content":{"rendered":"<p>MR-PWCNS4, Mitsubishi servo motorlar\u0131 i\u00e7in IP67 korumal\u0131 g\u00fc\u00e7 konnekt\u00f6r\u00fcd\u00fcr.<\/p>\n","protected":false},"excerpt":{"rendered":"<p>MR-PWCNS4, Mitsubishi servo motorlar\u0131 i\u00e7in IP67 korumal\u0131 g\u00fc\u00e7 konnekt\u00f6r\u00fcd\u00fcr.<\/p>\n","protected":false},"featured_media":37900,"template":"","meta":[],"product_brand":[143],"product_cat":[112],"product_tag":[118,127,125,119,129,128],"class_list":{"0":"post-37904","1":"product","2":"type-product","3":"status-publish","4":"has-post-thumbnail","6":"product_brand-mitsubishi-electric","7":"product_cat-servo-hareket-sistemleri","8":"product_tag-aksesuar","9":"product_tag-guc-konnektoru","10":"product_tag-ip67","11":"product_tag-mitsubishi-electric","12":"product_tag-mr-pwcns4","13":"product_tag-servo-motor","15":"first","16":"instock","17":"shipping-taxable","18":"product-type-simple"},"_links":{"self":[{"href":"https:\/\/loopcontrols.com.tr\/urunler\/wp-json\/wp\/v2\/product\/37904","targetHints":{"allow":["GET"]}}],"collection":[{"href":"https:\/\/loopcontrols.com.tr\/urunler\/wp-json\/wp\/v2\/product"}],"about":[{"href":"https:\/\/loopcontrols.com.tr\/urunler\/wp-json\/wp\/v2\/types\/product"}],"wp:featuredmedia":[{"embeddable":true,"href":"https:\/\/loopcontrols.com.tr\/urunler\/wp-json\/wp\/v2\/media\/37900"}],"wp:attachment":[{"href":"https:\/\/loopcontrols.com.tr\/urunler\/wp-json\/wp\/v2\/media?parent=37904"}],"wp:term":[{"taxonomy":"product_brand","embeddable":true,"href":"https:\/\/loopcontrols.com.tr\/urunler\/wp-json\/wp\/v2\/product_brand?post=37904"},{"taxonomy":"product_cat","embeddable":true,"href":"https:\/\/loopcontrols.com.tr\/urunler\/wp-json\/wp\/v2\/product_cat?post=37904"},{"taxonomy":"product_tag","embeddable":true,"href":"https:\/\/loopcontrols.com.tr\/urunler\/wp-json\/wp\/v2\/product_tag?post=37904"}],"curies":[{"name":"wp","href":"https:\/\/api.w.org\/{rel}","templated":true}]}}