{"id":37907,"date":"2025-05-11T21:02:28","date_gmt":"2025-05-11T18:02:28","guid":{"rendered":"https:\/\/loopcontrols.com.tr\/urunler\/urun\/mr-pws1cbl5m-a2-l\/"},"modified":"2025-05-11T21:02:28","modified_gmt":"2025-05-11T18:02:28","slug":"mr-pws1cbl5m-a2-l","status":"publish","type":"product","link":"https:\/\/loopcontrols.com.tr\/urunler\/urun\/mr-pws1cbl5m-a2-l\/","title":{"rendered":"MR-PWS1CBL5M-A2-L"},"content":{"rendered":"<p>MR-PWS1CBL5M-A2-L, MR-J4\/J3\/JN serisi servo motorlar i\u00e7in 5 metrelik g\u00fc\u00e7 kablosudur.<\/p>\n","protected":false},"excerpt":{"rendered":"<p>MR-PWS1CBL5M-A2-L, MR-J4\/J3\/JN serisi servo motorlar i\u00e7in 5 metrelik g\u00fc\u00e7 kablosudur.<\/p>\n","protected":false},"featured_media":37900,"template":"","meta":[],"product_brand":[143],"product_cat":[112],"product_tag":[121,118,137,119,116,135,136,134],"class_list":{"0":"post-37907","1":"product","2":"type-product","3":"status-publish","4":"has-post-thumbnail","6":"product_brand-mitsubishi-electric","7":"product_cat-servo-hareket-sistemleri","8":"product_tag-5m","9":"product_tag-aksesuar","10":"product_tag-dogrudan-baglanti","11":"product_tag-mitsubishi-electric","12":"product_tag-mr-j3","13":"product_tag-mr-j4","14":"product_tag-mr-jn","15":"product_tag-servo-guc-kablosu","17":"first","18":"instock","19":"shipping-taxable","20":"product-type-simple"},"_links":{"self":[{"href":"https:\/\/loopcontrols.com.tr\/urunler\/wp-json\/wp\/v2\/product\/37907","targetHints":{"allow":["GET"]}}],"collection":[{"href":"https:\/\/loopcontrols.com.tr\/urunler\/wp-json\/wp\/v2\/product"}],"about":[{"href":"https:\/\/loopcontrols.com.tr\/urunler\/wp-json\/wp\/v2\/types\/product"}],"wp:featuredmedia":[{"embeddable":true,"href":"https:\/\/loopcontrols.com.tr\/urunler\/wp-json\/wp\/v2\/media\/37900"}],"wp:attachment":[{"href":"https:\/\/loopcontrols.com.tr\/urunler\/wp-json\/wp\/v2\/media?parent=37907"}],"wp:term":[{"taxonomy":"product_brand","embeddable":true,"href":"https:\/\/loopcontrols.com.tr\/urunler\/wp-json\/wp\/v2\/product_brand?post=37907"},{"taxonomy":"product_cat","embeddable":true,"href":"https:\/\/loopcontrols.com.tr\/urunler\/wp-json\/wp\/v2\/product_cat?post=37907"},{"taxonomy":"product_tag","embeddable":true,"href":"https:\/\/loopcontrols.com.tr\/urunler\/wp-json\/wp\/v2\/product_tag?post=37907"}],"curies":[{"name":"wp","href":"https:\/\/api.w.org\/{rel}","templated":true}]}}