{"id":40335,"date":"2025-05-11T21:28:41","date_gmt":"2025-05-11T18:28:41","guid":{"rendered":"https:\/\/loopcontrols.com.tr\/urunler\/urun\/mr-j3scns\/"},"modified":"2025-05-11T21:28:41","modified_gmt":"2025-05-11T18:28:41","slug":"mr-j3scns","status":"publish","type":"product","link":"https:\/\/loopcontrols.com.tr\/urunler\/urun\/mr-j3scns\/","title":{"rendered":"MR-J3SCNS"},"content":{"rendered":"<p>MR-J3ENCBL10M-A2-L, MELSERVO-J3 serisi i\u00e7in 10 metrelik, IP65 korumal\u0131 do\u011frudan ba\u011flant\u0131 enkoder kablosudur.<\/p>\n","protected":false},"excerpt":{"rendered":"<p>MR-J3ENCBL10M-A2-L, MELSERVO-J3 serisi i\u00e7in 10 metrelik, IP65 korumal\u0131 do\u011frudan ba\u011flant\u0131 enkoder kablosudur.<\/p>\n","protected":false},"featured_media":37900,"template":"","meta":[],"product_brand":[143],"product_cat":[112],"product_tag":[154,118,137,120,155,122,119],"class_list":{"0":"post-40335","1":"product","2":"type-product","3":"status-publish","4":"has-post-thumbnail","6":"product_brand-mitsubishi-electric","7":"product_cat-servo-hareket-sistemleri","8":"product_tag-10m","9":"product_tag-aksesuar","10":"product_tag-dogrudan-baglanti","11":"product_tag-enkoder-kablosu","12":"product_tag-ip65","13":"product_tag-melservo-j3","14":"product_tag-mitsubishi-electric","16":"first","17":"instock","18":"shipping-taxable","19":"product-type-simple"},"_links":{"self":[{"href":"https:\/\/loopcontrols.com.tr\/urunler\/wp-json\/wp\/v2\/product\/40335","targetHints":{"allow":["GET"]}}],"collection":[{"href":"https:\/\/loopcontrols.com.tr\/urunler\/wp-json\/wp\/v2\/product"}],"about":[{"href":"https:\/\/loopcontrols.com.tr\/urunler\/wp-json\/wp\/v2\/types\/product"}],"wp:featuredmedia":[{"embeddable":true,"href":"https:\/\/loopcontrols.com.tr\/urunler\/wp-json\/wp\/v2\/media\/37900"}],"wp:attachment":[{"href":"https:\/\/loopcontrols.com.tr\/urunler\/wp-json\/wp\/v2\/media?parent=40335"}],"wp:term":[{"taxonomy":"product_brand","embeddable":true,"href":"https:\/\/loopcontrols.com.tr\/urunler\/wp-json\/wp\/v2\/product_brand?post=40335"},{"taxonomy":"product_cat","embeddable":true,"href":"https:\/\/loopcontrols.com.tr\/urunler\/wp-json\/wp\/v2\/product_cat?post=40335"},{"taxonomy":"product_tag","embeddable":true,"href":"https:\/\/loopcontrols.com.tr\/urunler\/wp-json\/wp\/v2\/product_tag?post=40335"}],"curies":[{"name":"wp","href":"https:\/\/api.w.org\/{rel}","templated":true}]}}