{"id":40356,"date":"2025-05-11T21:28:53","date_gmt":"2025-05-11T18:28:53","guid":{"rendered":"https:\/\/loopcontrols.com.tr\/urunler\/urun\/mr-pws1cbl10m-a2-l\/"},"modified":"2025-05-11T21:28:53","modified_gmt":"2025-05-11T18:28:53","slug":"mr-pws1cbl10m-a2-l","status":"publish","type":"product","link":"https:\/\/loopcontrols.com.tr\/urunler\/urun\/mr-pws1cbl10m-a2-l\/","title":{"rendered":"MR-PWS1CBL10M-A2-L"},"content":{"rendered":"<p>MR-PWS1CBL10M-A2-L, MR-J4\/J3\/JN serisi servo motorlar i\u00e7in 10 metrelik IP65 korumal\u0131 g\u00fc\u00e7 kablosudur.<\/p>\n","protected":false},"excerpt":{"rendered":"<p>MR-PWS1CBL10M-A2-L, MR-J4\/J3\/JN serisi servo motorlar i\u00e7in 10 metrelik IP65 korumal\u0131 g\u00fc\u00e7 kablosudur.<\/p>\n","protected":false},"featured_media":37900,"template":"","meta":[],"product_brand":[143],"product_cat":[112],"product_tag":[154,118,137,155,119,116,135,136,134],"class_list":{"0":"post-40356","1":"product","2":"type-product","3":"status-publish","4":"has-post-thumbnail","6":"product_brand-mitsubishi-electric","7":"product_cat-servo-hareket-sistemleri","8":"product_tag-10m","9":"product_tag-aksesuar","10":"product_tag-dogrudan-baglanti","11":"product_tag-ip65","12":"product_tag-mitsubishi-electric","13":"product_tag-mr-j3","14":"product_tag-mr-j4","15":"product_tag-mr-jn","16":"product_tag-servo-guc-kablosu","18":"first","19":"instock","20":"shipping-taxable","21":"product-type-simple"},"_links":{"self":[{"href":"https:\/\/loopcontrols.com.tr\/urunler\/wp-json\/wp\/v2\/product\/40356","targetHints":{"allow":["GET"]}}],"collection":[{"href":"https:\/\/loopcontrols.com.tr\/urunler\/wp-json\/wp\/v2\/product"}],"about":[{"href":"https:\/\/loopcontrols.com.tr\/urunler\/wp-json\/wp\/v2\/types\/product"}],"wp:featuredmedia":[{"embeddable":true,"href":"https:\/\/loopcontrols.com.tr\/urunler\/wp-json\/wp\/v2\/media\/37900"}],"wp:attachment":[{"href":"https:\/\/loopcontrols.com.tr\/urunler\/wp-json\/wp\/v2\/media?parent=40356"}],"wp:term":[{"taxonomy":"product_brand","embeddable":true,"href":"https:\/\/loopcontrols.com.tr\/urunler\/wp-json\/wp\/v2\/product_brand?post=40356"},{"taxonomy":"product_cat","embeddable":true,"href":"https:\/\/loopcontrols.com.tr\/urunler\/wp-json\/wp\/v2\/product_cat?post=40356"},{"taxonomy":"product_tag","embeddable":true,"href":"https:\/\/loopcontrols.com.tr\/urunler\/wp-json\/wp\/v2\/product_tag?post=40356"}],"curies":[{"name":"wp","href":"https:\/\/api.w.org\/{rel}","templated":true}]}}